{"id":4144,"date":"2026-03-23T12:39:55","date_gmt":"2026-03-23T05:39:55","guid":{"rendered":"https:\/\/iparamed.com\/ve-iparamed\/"},"modified":"2026-03-23T12:39:55","modified_gmt":"2026-03-23T05:39:55","slug":"ve-iparamed","status":"publish","type":"page","link":"https:\/\/iparamed.com\/en\/ve-iparamed\/","title":{"rendered":"V\u1ec1 iParamed"},"content":{"rendered":"<h2 class=\"cvGsUA direction-ltr align-start para-style-body\">iParamed \u2013 N\u1ec1n t\u1ea3ng theo d\u00f5i b\u1ec7nh nh\u00e2n t\u1eeb xa (Remote Patient Monitoring)<\/h2>\n<p data-start=\"1885\" data-end=\"2035\"><span class=\"hover:entity-accent entity-underline inline cursor-pointer align-baseline\"><span class=\"whitespace-normal\">iParamed<\/span><\/span> ph\u00e1t tri\u1ec3n gi\u1ea3i ph\u00e1p <strong data-start=\"341\" data-end=\"376\">Remote Patient Monitoring (RPM)<\/strong> v\u00e0 <strong data-start=\"380\" data-end=\"392\">Tele-ICU<\/strong> d\u1ef1a tr\u00ean c\u00f4ng ngh\u1ec7 <strong data-start=\"412\" data-end=\"449\">Internet of Medical Things (IoMT)<\/strong>, gi\u00fap theo d\u00f5i b\u1ec7nh nh\u00e2n li\u00ean t\u1ee5c, h\u1ed7 tr\u1ee3 b\u00e1c s\u0129 ra quy\u1ebft \u0111\u1ecbnh l\u00e2m s\u00e0ng v\u00e0 t\u1ed1i \u01b0u v\u1eadn h\u00e0nh y t\u1ebf.<\/p>\n<h2 data-start=\"1885\" data-end=\"2035\">T\u1eeb nghi\u00ean c\u1ee9u l\u00e2m s\u00e0ng \u0111\u1ebfn \u1ee9ng d\u1ee5ng th\u1ef1c t\u1ebf<\/h2>\n<p data-start=\"2037\" data-end=\"2177\">N\u1ec1n t\u1ea3ng iParamed \u0111\u01b0\u1ee3c ph\u00e1t tri\u1ec3n t\u1eeb h\u1ee3p t\u00e1c nghi\u00ean c\u1ee9u v\u1edbi Oxford University Clinical Research Unit, tri\u1ec3n khai t\u1ea1i B\u1ec7nh vi\u1ec7n B\u1ec7nh Nhi\u1ec7t \u0111\u1edbi TP.HCM.<\/p>\n<p>T\u1eeb n\u1ec1n t\u1ea3ng nghi\u00ean c\u1ee9u, iParamed \u0111\u00e3 ph\u00e1t tri\u1ec3n th\u00e0nh gi\u1ea3i ph\u00e1p \u1ee9ng d\u1ee5ng th\u1ef1c t\u1ebf, h\u1ed7 tr\u1ee3 theo d\u00f5i c\u00e1c ch\u1ec9 s\u1ed1 sinh t\u1ed3n theo th\u1eddi gian th\u1ef1c, ph\u00e1t hi\u1ec7n s\u1edbm d\u1ea5u hi\u1ec7u b\u1ea5t th\u01b0\u1eddng v\u00e0 t\u1ed1i \u01b0u quy tr\u00ecnh \u0111i\u1ec1u tr\u1ecb trong m\u00f4i tr\u01b0\u1eddng l\u00e2m s\u00e0ng.<\/p>\n<p><img loading=\"lazy\" class=\"alignnone wp-image-4115\" src=\"https:\/\/iparamed.com\/wp-content\/uploads\/2026\/03\/1-1024x189.png\" alt=\"\" width=\"534\" height=\"98\" srcset=\"https:\/\/iparamed.com\/wp-content\/uploads\/2026\/03\/1-1024x189.png 1024w, https:\/\/iparamed.com\/wp-content\/uploads\/2026\/03\/1-300x55.png 300w, https:\/\/iparamed.com\/wp-content\/uploads\/2026\/03\/1-1536x284.png 1536w, https:\/\/iparamed.com\/wp-content\/uploads\/2026\/03\/1-2048x378.png 2048w, https:\/\/iparamed.com\/wp-content\/uploads\/2026\/03\/1-300x55@2x.png 600w\" sizes=\"(max-width: 534px) 100vw, 534px\" \/><\/p>\n<h2 class=\"cvGsUA direction-ltr align-start para-style-body\"><span class=\"a_GcMg font-feature-liga-off font-feature-clig-off font-feature-calt-off text-decoration-none text-strikethrough-none\">N\u1ec1n t\u1ea3ng IoMT t\u00edch h\u1ee3p cho theo d\u00f5i b\u1ec7nh nh\u00e2n t\u1eeb xa<\/span><\/h2>\n<p data-start=\"1197\" data-end=\"1231\">iParamed cung c\u1ea5p h\u1ec7 th\u1ed1ng gi\u00fap:<\/p>\n<ul data-start=\"1233\" data-end=\"1416\">\n<li data-section-id=\"csq2ro\" data-start=\"1233\" data-end=\"1275\">\u0110\u1ed3ng b\u1ed9 d\u1eef li\u1ec7u t\u1eeb nhi\u1ec1u thi\u1ebft b\u1ecb y t\u1ebf<\/li>\n<li data-section-id=\"1j4ayg2\" data-start=\"1276\" data-end=\"1324\">Theo d\u00f5i ch\u1ec9 s\u1ed1 sinh t\u1ed3n theo th\u1eddi gian th\u1ef1c<\/li>\n<li data-section-id=\"1i9bjk3\" data-start=\"1325\" data-end=\"1371\">Gi\u00e1m s\u00e1t nhi\u1ec1u b\u1ec7nh nh\u00e2n tr\u00ean m\u1ed9t n\u1ec1n t\u1ea3ng<\/li>\n<li data-section-id=\"477ztq\" data-start=\"1372\" data-end=\"1416\">H\u1ed7 tr\u1ee3 ph\u00e1t hi\u1ec7n s\u1edbm d\u1ea5u hi\u1ec7u b\u1ea5t th\u01b0\u1eddng<\/li>\n<\/ul>\n<p data-start=\"1418\" data-end=\"1492\">Gi\u1ea3i ph\u00e1p ph\u00f9 h\u1ee3p cho b\u1ec7nh vi\u1ec7n, ph\u00f2ng kh\u00e1m v\u00e0 m\u00f4 h\u00ecnh ch\u0103m s\u00f3c t\u1ea1i nh\u00e0.<\/p>\n<p data-start=\"1418\" data-end=\"1492\"><img loading=\"lazy\" class=\"alignnone size-large wp-image-4121\" src=\"https:\/\/iparamed.com\/wp-content\/uploads\/2026\/03\/anh-1024x308.png\" alt=\"\" width=\"1024\" height=\"308\" srcset=\"https:\/\/iparamed.com\/wp-content\/uploads\/2026\/03\/anh-1024x308.png 1024w, https:\/\/iparamed.com\/wp-content\/uploads\/2026\/03\/anh-300x90.png 300w, https:\/\/iparamed.com\/wp-content\/uploads\/2026\/03\/anh-1536x461.png 1536w, https:\/\/iparamed.com\/wp-content\/uploads\/2026\/03\/anh.png 1974w, https:\/\/iparamed.com\/wp-content\/uploads\/2026\/03\/anh-300x90@2x.png 600w\" sizes=\"(max-width: 1024px) 100vw, 1024px\" \/><\/p>\n<h2 data-pm-slice=\"1 1 []\">CASE STUDY: Tri\u1ec3n khai Tele-ICU t\u1ea1i Vi\u1ec7t Nam<\/h2>\n<p data-pm-slice=\"1 1 []\">Trong giai \u0111o\u1ea1n \u0111\u1ea1i d\u1ecbch COVID-19, iParamed \u0111\u00e3 tri\u1ec3n khai h\u1ec7 th\u1ed1ng Tele-ICU v\u00e0 n\u1ec1n t\u1ea3ng Remote Patient Monitoring (RPM) t\u1ea1i B\u1ec7nh vi\u1ec7n B\u1ec7nh Nhi\u1ec7t \u0111\u1edbi TP.HCM.<\/p>\n<p>H\u1ec7 th\u1ed1ng Tele-ICU cho ph\u00e9p:<\/p>\n<ul>\n<li>Theo d\u00f5i ch\u1ec9 s\u1ed1 sinh t\u1ed3n theo th\u1eddi gian th\u1ef1c (real-time monitoring)<\/li>\n<li>Gi\u00e1m s\u00e1t t\u1eadp trung nhi\u1ec1u b\u1ec7nh nh\u00e2n tr\u00ean m\u1ed9t n\u1ec1n t\u1ea3ng<\/li>\n<li>Ph\u00e1t hi\u1ec7n s\u1edbm d\u1ea5u hi\u1ec7u di\u1ec5n bi\u1ebfn x\u1ea5u<\/li>\n<li>H\u1ed7 tr\u1ee3 b\u00e1c s\u0129 ra quy\u1ebft \u0111\u1ecbnh l\u00e2m s\u00e0ng k\u1ecbp th\u1eddi<\/li>\n<\/ul>\n<p>\u0110i\u1ec3m kh\u00e1c bi\u1ec7t c\u1ed1t l\u00f5i c\u1ee7a iParamed n\u1eb1m \u1edf <strong>kh\u1ea3 n\u0103ng t\u00edch h\u1ee3p nhi\u1ec1u thi\u1ebft b\u1ecb theo d\u00f5i s\u1ee9c kh\u1ecfe tr\u00ean c\u00f9ng m\u1ed9t n\u1ec1n t\u1ea3ng IoMT duy nh\u1ea5t<\/strong>. Thay v\u00ec v\u1eadn h\u00e0nh r\u1eddi r\u1ea1c t\u1eebng thi\u1ebft b\u1ecb, h\u1ec7 th\u1ed1ng gi\u00fap \u0111\u1ed3ng b\u1ed9 d\u1eef li\u1ec7u t\u1eeb nhi\u1ec1u ngu\u1ed3n, t\u1ea1o n\u00ean m\u1ed9t b\u1ee9c tranh l\u00e2m s\u00e0ng to\u00e0n di\u1ec7n theo th\u1eddi gian th\u1ef1c.<\/p>\n<p>Nh\u1edd \u0111\u00f3, iParamed kh\u00f4ng ch\u1ec9 t\u1ed1i \u01b0u quy tr\u00ecnh theo d\u00f5i b\u1ec7nh nh\u00e2n m\u00e0 c\u00f2n gi\u1ea3m t\u1ea3i cho nh\u00e2n s\u1ef1 y t\u1ebf, n\u00e2ng cao \u0111\u1ed9 ch\u00ednh x\u00e1c trong \u0111i\u1ec1u tr\u1ecb v\u00e0 kh\u1eb3ng \u0111\u1ecbnh vai tr\u00f2 \u0111\u01a1n v\u1ecb ti\u00ean phong trong t\u00edch h\u1ee3p thi\u1ebft b\u1ecb y t\u1ebf.<\/p>\n<p><img loading=\"lazy\" class=\"alignnone size-large wp-image-4125\" src=\"https:\/\/iparamed.com\/wp-content\/uploads\/2026\/03\/123-1024x386.png\" alt=\"\" width=\"1024\" height=\"386\" srcset=\"https:\/\/iparamed.com\/wp-content\/uploads\/2026\/03\/123-1024x386.png 1024w, https:\/\/iparamed.com\/wp-content\/uploads\/2026\/03\/123-300x113.png 300w, https:\/\/iparamed.com\/wp-content\/uploads\/2026\/03\/123-1536x579.png 1536w, https:\/\/iparamed.com\/wp-content\/uploads\/2026\/03\/123-2048x772.png 2048w, https:\/\/iparamed.com\/wp-content\/uploads\/2026\/03\/123-300x113@2x.png 600w\" sizes=\"(max-width: 1024px) 100vw, 1024px\" \/><\/p>\n<h2><strong>H\u1ec7 th\u1ed1ng iParamed<\/strong><\/h2>\n<p data-start=\"0\" data-end=\"32\">H\u1ec7 th\u1ed1ng iParamed bao g\u1ed3m:<\/p>\n<p data-start=\"1029\" data-end=\"1200\" data-is-last-node=\"\" data-is-only-node=\"\"><img loading=\"lazy\" class=\"alignnone size-large wp-image-4133\" src=\"https:\/\/iparamed.com\/wp-content\/uploads\/2026\/03\/111-1024x400.png\" alt=\"\" width=\"1024\" height=\"400\" srcset=\"https:\/\/iparamed.com\/wp-content\/uploads\/2026\/03\/111-1024x400.png 1024w, https:\/\/iparamed.com\/wp-content\/uploads\/2026\/03\/111-300x117.png 300w, https:\/\/iparamed.com\/wp-content\/uploads\/2026\/03\/111-1536x600.png 1536w, https:\/\/iparamed.com\/wp-content\/uploads\/2026\/03\/111-2048x800.png 2048w, https:\/\/iparamed.com\/wp-content\/uploads\/2026\/03\/111-300x117@2x.png 600w\" sizes=\"(max-width: 1024px) 100vw, 1024px\" \/><\/p>\n<h2>D\u1ea5u \u1ea5n truy\u1ec1n th\u00f4ng c\u1ee7a iParamed trong gi\u1ea3i ph\u00e1p theo d\u00f5i b\u1ec7nh nh\u00e2n t\u1eeb xa<\/h2>\n<p data-pm-slice=\"1 1 []\">Gi\u1ea3i ph\u00e1p c\u1ee7a iParamed \u0111\u00e3 \u0111\u01b0\u1ee3c \u0111\u1ec1 c\u1eadp tr\u00ean c\u00e1c k\u00eanh nh\u01b0 HTV9 v\u00e0 VnExpress trong b\u1ed1i c\u1ea3nh h\u1ed7 tr\u1ee3 \u0111i\u1ec1u tr\u1ecb COVID-19.<\/p>\n<p>\u0110\u1ed3ng th\u1eddi, th\u00f4ng tin d\u1ef1 \u00e1n c\u0169ng xu\u1ea5t hi\u1ec7n tr\u00ean c\u00e1c n\u1ec1n t\u1ea3ng nghi\u00ean c\u1ee9u, ph\u1ea3n \u00e1nh vi\u1ec7c \u1ee9ng d\u1ee5ng c\u00f4ng ngh\u1ec7 IoMT trong theo d\u00f5i b\u1ec7nh nh\u00e2n v\u00e0 thu th\u1eadp d\u1eef li\u1ec7u l\u00e2m s\u00e0ng.<\/p>\n<p><img loading=\"lazy\" class=\"alignnone size-large wp-image-4131\" src=\"https:\/\/iparamed.com\/wp-content\/uploads\/2026\/03\/com-1024x386.png\" alt=\"\" width=\"1024\" height=\"386\" srcset=\"https:\/\/iparamed.com\/wp-content\/uploads\/2026\/03\/com-1024x386.png 1024w, https:\/\/iparamed.com\/wp-content\/uploads\/2026\/03\/com-300x113.png 300w, https:\/\/iparamed.com\/wp-content\/uploads\/2026\/03\/com-1536x579.png 1536w, https:\/\/iparamed.com\/wp-content\/uploads\/2026\/03\/com-2048x772.png 2048w, https:\/\/iparamed.com\/wp-content\/uploads\/2026\/03\/com-300x113@2x.png 600w\" sizes=\"(max-width: 1024px) 100vw, 1024px\" \/><\/p>\n<p>&nbsp;<\/p>\n","protected":false},"excerpt":{"rendered":"<p>iParamed \u2013 N\u1ec1n t\u1ea3ng theo d\u00f5i b\u1ec7nh nh\u00e2n t\u1eeb xa (Remote Patient Monitoring) iParamed ph\u00e1t tri\u1ec3n gi\u1ea3i ph\u00e1p Remote Patient Monitoring (RPM) v\u00e0 Tele-ICU d\u1ef1a tr\u00ean c\u00f4ng ngh\u1ec7 Internet of Medical Things (IoMT), gi\u00fap theo d\u00f5i b\u1ec7nh nh\u00e2n li\u00ean t\u1ee5c, h\u1ed7 tr\u1ee3 b\u00e1c s\u0129 ra quy\u1ebft \u0111\u1ecbnh l\u00e2m s\u00e0ng v\u00e0 t\u1ed1i \u01b0u v\u1eadn h\u00e0nh y&#8230;<\/p>\n","protected":false},"author":6,"featured_media":0,"parent":0,"menu_order":0,"comment_status":"closed","ping_status":"closed","template":"","meta":[],"_links":{"self":[{"href":"https:\/\/iparamed.com\/en\/wp-json\/wp\/v2\/pages\/4144"}],"collection":[{"href":"https:\/\/iparamed.com\/en\/wp-json\/wp\/v2\/pages"}],"about":[{"href":"https:\/\/iparamed.com\/en\/wp-json\/wp\/v2\/types\/page"}],"author":[{"embeddable":true,"href":"https:\/\/iparamed.com\/en\/wp-json\/wp\/v2\/users\/6"}],"replies":[{"embeddable":true,"href":"https:\/\/iparamed.com\/en\/wp-json\/wp\/v2\/comments?post=4144"}],"version-history":[{"count":0,"href":"https:\/\/iparamed.com\/en\/wp-json\/wp\/v2\/pages\/4144\/revisions"}],"wp:attachment":[{"href":"https:\/\/iparamed.com\/en\/wp-json\/wp\/v2\/media?parent=4144"}],"curies":[{"name":"wp","href":"https:\/\/api.w.org\/{rel}","templated":true}]}}